




{"id":14389,"date":"2026-02-18T12:50:17","date_gmt":"2026-02-18T11:50:17","guid":{"rendered":"https:\/\/therapia.tn\/?post_type=product&#038;p=14389"},"modified":"2026-02-18T13:10:05","modified_gmt":"2026-02-18T12:10:05","slug":"respix","status":"publish","type":"product","link":"https:\/\/therapia.tn\/en\/product\/respix\/","title":{"rendered":"respix"},"content":{"rendered":"","protected":false},"excerpt":{"rendered":"<p>baume d\u00e9congestionnant<br \/>\nSoulage les voies respiratoires encombr\u00e9es<br \/>\nApaise les sensations de g\u00eane respiratoire dans le cas de toux, rhume, rhinopharyngite et de bronchite simple.<br \/>\nProcure une sensation imm\u00e9diate de fra\u00eecheur et de bien-\u00eatre.<\/p>","protected":false},"featured_media":14390,"comment_status":"closed","ping_status":"closed","template":"","meta":[],"product_brand":[],"product_cat":[89,107],"product_tag":[122],"class_list":{"0":"post-14389","1":"product","2":"type-product","3":"status-publish","4":"has-post-thumbnail","6":"product_cat-respiratory-health","7":"product_cat-all","8":"product_tag-flacon-de-50g","10":"first","11":"instock","12":"shipping-taxable","13":"product-type-simple"},"_links":{"self":[{"href":"https:\/\/therapia.tn\/en\/wp-json\/wp\/v2\/product\/14389","targetHints":{"allow":["GET"]}}],"collection":[{"href":"https:\/\/therapia.tn\/en\/wp-json\/wp\/v2\/product"}],"about":[{"href":"https:\/\/therapia.tn\/en\/wp-json\/wp\/v2\/types\/product"}],"replies":[{"embeddable":true,"href":"https:\/\/therapia.tn\/en\/wp-json\/wp\/v2\/comments?post=14389"}],"wp:featuredmedia":[{"embeddable":true,"href":"https:\/\/therapia.tn\/en\/wp-json\/wp\/v2\/media\/14390"}],"wp:attachment":[{"href":"https:\/\/therapia.tn\/en\/wp-json\/wp\/v2\/media?parent=14389"}],"wp:term":[{"taxonomy":"product_brand","embeddable":true,"href":"https:\/\/therapia.tn\/en\/wp-json\/wp\/v2\/product_brand?post=14389"},{"taxonomy":"product_cat","embeddable":true,"href":"https:\/\/therapia.tn\/en\/wp-json\/wp\/v2\/product_cat?post=14389"},{"taxonomy":"product_tag","embeddable":true,"href":"https:\/\/therapia.tn\/en\/wp-json\/wp\/v2\/product_tag?post=14389"}],"curies":[{"name":"wp","href":"https:\/\/api.w.org\/{rel}","templated":true}]}}