




{"id":14386,"date":"2026-02-18T12:36:26","date_gmt":"2026-02-18T11:36:26","guid":{"rendered":"https:\/\/therapia.tn\/?post_type=product&#038;p=14386"},"modified":"2026-02-18T12:52:50","modified_gmt":"2026-02-18T11:52:50","slug":"ashwagandha","status":"publish","type":"product","link":"https:\/\/therapia.tn\/en\/product\/ashwagandha\/","title":{"rendered":"ashwagandha"},"content":{"rendered":"","protected":false},"excerpt":{"rendered":"<ul>\n<li>\u00a0Aide \u00e0 mieux g\u00e9rer le stress en modulant la s\u00e9cr\u00e9tion du cortisol.<\/li>\n<li>\u00a0Renforce la vitalit\u00e9 et la r\u00e9sistance face aux d\u00e9fis physiques et psychiques du quotidien (endurance sportive).<\/li>\n<li>\u00a0Soutient la concentration et la clart\u00e9 d\u2019esprit, m\u00eame en p\u00e9riode de surcharge mentale.<\/li>\n<li>Am\u00e9liore la qualit\u00e9 du sommeil.<\/li>\n<\/ul>","protected":false},"featured_media":14387,"comment_status":"closed","ping_status":"closed","template":"","meta":[],"product_brand":[],"product_cat":[81,107],"product_tag":[90],"class_list":{"0":"post-14386","1":"product","2":"type-product","3":"status-publish","4":"has-post-thumbnail","6":"product_cat-stress-management","7":"product_cat-all","8":"product_tag-60-gelules","10":"first","11":"instock","12":"shipping-taxable","13":"product-type-simple"},"_links":{"self":[{"href":"https:\/\/therapia.tn\/en\/wp-json\/wp\/v2\/product\/14386","targetHints":{"allow":["GET"]}}],"collection":[{"href":"https:\/\/therapia.tn\/en\/wp-json\/wp\/v2\/product"}],"about":[{"href":"https:\/\/therapia.tn\/en\/wp-json\/wp\/v2\/types\/product"}],"replies":[{"embeddable":true,"href":"https:\/\/therapia.tn\/en\/wp-json\/wp\/v2\/comments?post=14386"}],"wp:featuredmedia":[{"embeddable":true,"href":"https:\/\/therapia.tn\/en\/wp-json\/wp\/v2\/media\/14387"}],"wp:attachment":[{"href":"https:\/\/therapia.tn\/en\/wp-json\/wp\/v2\/media?parent=14386"}],"wp:term":[{"taxonomy":"product_brand","embeddable":true,"href":"https:\/\/therapia.tn\/en\/wp-json\/wp\/v2\/product_brand?post=14386"},{"taxonomy":"product_cat","embeddable":true,"href":"https:\/\/therapia.tn\/en\/wp-json\/wp\/v2\/product_cat?post=14386"},{"taxonomy":"product_tag","embeddable":true,"href":"https:\/\/therapia.tn\/en\/wp-json\/wp\/v2\/product_tag?post=14386"}],"curies":[{"name":"wp","href":"https:\/\/api.w.org\/{rel}","templated":true}]}}