




{"id":14380,"date":"2026-02-18T10:40:45","date_gmt":"2026-02-18T09:40:45","guid":{"rendered":"https:\/\/therapia.tn\/?post_type=product&#038;p=14380"},"modified":"2026-04-05T18:43:29","modified_gmt":"2026-04-05T16:43:29","slug":"appetitplus-sirop","status":"publish","type":"product","link":"https:\/\/therapia.tn\/en\/product\/appetitplus-sirop\/","title":{"rendered":"app\u00e9titplus Sirop"},"content":{"rendered":"","protected":false},"excerpt":{"rendered":"<p>Stimule l\u2019app\u00e9tit et les fonctions digestives,<br \/>\n-Favorisant une meilleure assimilation des aliments.<br \/>\n-Soutient le m\u00e9tabolisme g\u00e9n\u00e9ral<\/p>","protected":false},"featured_media":14381,"comment_status":"open","ping_status":"closed","template":"","meta":[],"product_brand":[],"product_cat":[87,107],"product_tag":[119],"class_list":{"0":"post-14380","1":"product","2":"type-product","3":"status-publish","4":"has-post-thumbnail","6":"product_cat-slimming","7":"product_cat-all","8":"product_tag-150ml","10":"first","11":"instock","12":"shipping-taxable","13":"product-type-simple"},"_links":{"self":[{"href":"https:\/\/therapia.tn\/en\/wp-json\/wp\/v2\/product\/14380","targetHints":{"allow":["GET"]}}],"collection":[{"href":"https:\/\/therapia.tn\/en\/wp-json\/wp\/v2\/product"}],"about":[{"href":"https:\/\/therapia.tn\/en\/wp-json\/wp\/v2\/types\/product"}],"replies":[{"embeddable":true,"href":"https:\/\/therapia.tn\/en\/wp-json\/wp\/v2\/comments?post=14380"}],"wp:featuredmedia":[{"embeddable":true,"href":"https:\/\/therapia.tn\/en\/wp-json\/wp\/v2\/media\/14381"}],"wp:attachment":[{"href":"https:\/\/therapia.tn\/en\/wp-json\/wp\/v2\/media?parent=14380"}],"wp:term":[{"taxonomy":"product_brand","embeddable":true,"href":"https:\/\/therapia.tn\/en\/wp-json\/wp\/v2\/product_brand?post=14380"},{"taxonomy":"product_cat","embeddable":true,"href":"https:\/\/therapia.tn\/en\/wp-json\/wp\/v2\/product_cat?post=14380"},{"taxonomy":"product_tag","embeddable":true,"href":"https:\/\/therapia.tn\/en\/wp-json\/wp\/v2\/product_tag?post=14380"}],"curies":[{"name":"wp","href":"https:\/\/api.w.org\/{rel}","templated":true}]}}