




{"id":14378,"date":"2026-02-18T10:31:54","date_gmt":"2026-02-18T09:31:54","guid":{"rendered":"https:\/\/therapia.tn\/?post_type=product&#038;p=14378"},"modified":"2026-02-18T11:02:12","modified_gmt":"2026-02-18T10:02:12","slug":"broncholys-sirop","status":"publish","type":"product","link":"https:\/\/therapia.tn\/en\/product\/broncholys-sirop\/","title":{"rendered":"broncholys Sirop"},"content":{"rendered":"","protected":false},"excerpt":{"rendered":"<p>Flu-like symptoms, Cough, Bronchial conditions<br \/>\nbroncholys aide \u00e0 calmer la toux, qu&rsquo;elle soit grasse, s\u00e8che ou li\u00e9e au tabagisme. Il contribue \u00e0 pr\u00e9venir les surinfections et diminue les sympt\u00f4mes ainsi que la dur\u00e9e de la grippe.<\/p>","protected":false},"featured_media":14377,"comment_status":"open","ping_status":"closed","template":"","meta":[],"product_brand":[],"product_cat":[89,107],"product_tag":[119],"class_list":{"0":"post-14378","1":"product","2":"type-product","3":"status-publish","4":"has-post-thumbnail","6":"product_cat-respiratory-health","7":"product_cat-all","8":"product_tag-150ml","10":"first","11":"instock","12":"shipping-taxable","13":"product-type-simple"},"_links":{"self":[{"href":"https:\/\/therapia.tn\/en\/wp-json\/wp\/v2\/product\/14378","targetHints":{"allow":["GET"]}}],"collection":[{"href":"https:\/\/therapia.tn\/en\/wp-json\/wp\/v2\/product"}],"about":[{"href":"https:\/\/therapia.tn\/en\/wp-json\/wp\/v2\/types\/product"}],"replies":[{"embeddable":true,"href":"https:\/\/therapia.tn\/en\/wp-json\/wp\/v2\/comments?post=14378"}],"wp:featuredmedia":[{"embeddable":true,"href":"https:\/\/therapia.tn\/en\/wp-json\/wp\/v2\/media\/14377"}],"wp:attachment":[{"href":"https:\/\/therapia.tn\/en\/wp-json\/wp\/v2\/media?parent=14378"}],"wp:term":[{"taxonomy":"product_brand","embeddable":true,"href":"https:\/\/therapia.tn\/en\/wp-json\/wp\/v2\/product_brand?post=14378"},{"taxonomy":"product_cat","embeddable":true,"href":"https:\/\/therapia.tn\/en\/wp-json\/wp\/v2\/product_cat?post=14378"},{"taxonomy":"product_tag","embeddable":true,"href":"https:\/\/therapia.tn\/en\/wp-json\/wp\/v2\/product_tag?post=14378"}],"curies":[{"name":"wp","href":"https:\/\/api.w.org\/{rel}","templated":true}]}}