




{"id":12842,"date":"2024-05-23T18:53:58","date_gmt":"2024-05-23T16:53:58","guid":{"rendered":"https:\/\/therapia.tn\/?post_type=product&#038;p=12842"},"modified":"2026-04-18T00:25:46","modified_gmt":"2026-04-17T22:25:46","slug":"therabiotics","status":"publish","type":"product","link":"https:\/\/therapia.tn\/en\/product\/therabiotics\/","title":{"rendered":"Therabiotics"},"content":{"rendered":"","protected":false},"excerpt":{"rendered":"<p>Une association de 8 souches bact\u00e9riennes dont lacto-bacillus et bifidibacterium.<\/p>\n<p>Therabiotics participe \u00e0 l\u2019\u00e9quilibre de la flore intestinale en cas de dysbiose. Il am\u00e9liore la fonction digestive en cas de diarrh\u00e9es, constipation, de digestion difficile et le syndrome de l\u2019intestin irritable. Il contribue au fonctionnement normal du syst\u00e8me immunitaire et renforce le bien \u00eatre g\u00e9n\u00e9ral.<\/p>","protected":false},"featured_media":13711,"comment_status":"open","ping_status":"closed","template":"","meta":[],"product_brand":[],"product_cat":[83,82,107],"product_tag":[91],"class_list":{"0":"post-12842","1":"product","2":"type-product","3":"status-publish","4":"has-post-thumbnail","6":"product_cat-defenses","7":"product_cat-digestive-system","8":"product_cat-all","9":"product_tag-30-gelules","11":"first","12":"instock","13":"shipping-taxable","14":"product-type-simple"},"_links":{"self":[{"href":"https:\/\/therapia.tn\/en\/wp-json\/wp\/v2\/product\/12842","targetHints":{"allow":["GET"]}}],"collection":[{"href":"https:\/\/therapia.tn\/en\/wp-json\/wp\/v2\/product"}],"about":[{"href":"https:\/\/therapia.tn\/en\/wp-json\/wp\/v2\/types\/product"}],"replies":[{"embeddable":true,"href":"https:\/\/therapia.tn\/en\/wp-json\/wp\/v2\/comments?post=12842"}],"wp:featuredmedia":[{"embeddable":true,"href":"https:\/\/therapia.tn\/en\/wp-json\/wp\/v2\/media\/13711"}],"wp:attachment":[{"href":"https:\/\/therapia.tn\/en\/wp-json\/wp\/v2\/media?parent=12842"}],"wp:term":[{"taxonomy":"product_brand","embeddable":true,"href":"https:\/\/therapia.tn\/en\/wp-json\/wp\/v2\/product_brand?post=12842"},{"taxonomy":"product_cat","embeddable":true,"href":"https:\/\/therapia.tn\/en\/wp-json\/wp\/v2\/product_cat?post=12842"},{"taxonomy":"product_tag","embeddable":true,"href":"https:\/\/therapia.tn\/en\/wp-json\/wp\/v2\/product_tag?post=12842"}],"curies":[{"name":"wp","href":"https:\/\/api.w.org\/{rel}","templated":true}]}}