




{"id":12841,"date":"2024-05-23T18:46:19","date_gmt":"2024-05-23T16:46:19","guid":{"rendered":"https:\/\/therapia.tn\/?post_type=product&#038;p=12841"},"modified":"2026-04-21T10:30:37","modified_gmt":"2026-04-21T08:30:37","slug":"multi-vit","status":"publish","type":"product","link":"https:\/\/therapia.tn\/en\/product\/multi-vit\/","title":{"rendered":"multi-vit"},"content":{"rendered":"","protected":false},"excerpt":{"rendered":"<p>multi-vit apporte tous les besoins quotidiens de l\u2019organisme en vitamines et min\u00e9raux. Il agit efficacement contre les \u00e9tats de fatigue physique ou intellectuelle, tels que le surmenage, et aide \u00e0 retrouver tonus et vitalit\u00e9.<\/p>","protected":false},"featured_media":13540,"comment_status":"open","ping_status":"closed","template":"","meta":[],"product_brand":[],"product_cat":[88,107],"product_tag":[90],"class_list":{"0":"post-12841","1":"product","2":"type-product","3":"status-publish","4":"has-post-thumbnail","6":"product_cat-nutritherapy","7":"product_cat-all","8":"product_tag-60-gelules","10":"first","11":"instock","12":"shipping-taxable","13":"product-type-simple"},"_links":{"self":[{"href":"https:\/\/therapia.tn\/en\/wp-json\/wp\/v2\/product\/12841","targetHints":{"allow":["GET"]}}],"collection":[{"href":"https:\/\/therapia.tn\/en\/wp-json\/wp\/v2\/product"}],"about":[{"href":"https:\/\/therapia.tn\/en\/wp-json\/wp\/v2\/types\/product"}],"replies":[{"embeddable":true,"href":"https:\/\/therapia.tn\/en\/wp-json\/wp\/v2\/comments?post=12841"}],"wp:featuredmedia":[{"embeddable":true,"href":"https:\/\/therapia.tn\/en\/wp-json\/wp\/v2\/media\/13540"}],"wp:attachment":[{"href":"https:\/\/therapia.tn\/en\/wp-json\/wp\/v2\/media?parent=12841"}],"wp:term":[{"taxonomy":"product_brand","embeddable":true,"href":"https:\/\/therapia.tn\/en\/wp-json\/wp\/v2\/product_brand?post=12841"},{"taxonomy":"product_cat","embeddable":true,"href":"https:\/\/therapia.tn\/en\/wp-json\/wp\/v2\/product_cat?post=12841"},{"taxonomy":"product_tag","embeddable":true,"href":"https:\/\/therapia.tn\/en\/wp-json\/wp\/v2\/product_tag?post=12841"}],"curies":[{"name":"wp","href":"https:\/\/api.w.org\/{rel}","templated":true}]}}