




{"id":12840,"date":"2024-05-23T18:24:45","date_gmt":"2024-05-23T16:24:45","guid":{"rendered":"https:\/\/therapia.tn\/?post_type=product&#038;p=12840"},"modified":"2026-04-17T00:00:02","modified_gmt":"2026-04-16T22:00:02","slug":"ferro120","status":"publish","type":"product","link":"https:\/\/therapia.tn\/en\/product\/ferro120\/","title":{"rendered":"ferro120"},"content":{"rendered":"","protected":false},"excerpt":{"rendered":"<p>ferro120 combat la carence en fer et constitue un excellent compl\u00e9ment de fer pour la femme enceinte. Il aide \u00e0 la formation de l\u2019h\u00e9moglobine et des globules rouges, contribuant ainsi \u00e0 r\u00e9duire la fatigue et \u00e0 booster le m\u00e9tabolisme \u00e9nerg\u00e9tique.<\/p>","protected":false},"featured_media":13307,"comment_status":"open","ping_status":"closed","template":"","meta":[],"product_brand":[],"product_cat":[88,107],"product_tag":[91],"class_list":{"0":"post-12840","1":"product","2":"type-product","3":"status-publish","4":"has-post-thumbnail","6":"product_cat-nutritherapy","7":"product_cat-all","8":"product_tag-30-gelules","10":"first","11":"instock","12":"shipping-taxable","13":"product-type-simple"},"_links":{"self":[{"href":"https:\/\/therapia.tn\/en\/wp-json\/wp\/v2\/product\/12840","targetHints":{"allow":["GET"]}}],"collection":[{"href":"https:\/\/therapia.tn\/en\/wp-json\/wp\/v2\/product"}],"about":[{"href":"https:\/\/therapia.tn\/en\/wp-json\/wp\/v2\/types\/product"}],"replies":[{"embeddable":true,"href":"https:\/\/therapia.tn\/en\/wp-json\/wp\/v2\/comments?post=12840"}],"wp:featuredmedia":[{"embeddable":true,"href":"https:\/\/therapia.tn\/en\/wp-json\/wp\/v2\/media\/13307"}],"wp:attachment":[{"href":"https:\/\/therapia.tn\/en\/wp-json\/wp\/v2\/media?parent=12840"}],"wp:term":[{"taxonomy":"product_brand","embeddable":true,"href":"https:\/\/therapia.tn\/en\/wp-json\/wp\/v2\/product_brand?post=12840"},{"taxonomy":"product_cat","embeddable":true,"href":"https:\/\/therapia.tn\/en\/wp-json\/wp\/v2\/product_cat?post=12840"},{"taxonomy":"product_tag","embeddable":true,"href":"https:\/\/therapia.tn\/en\/wp-json\/wp\/v2\/product_tag?post=12840"}],"curies":[{"name":"wp","href":"https:\/\/api.w.org\/{rel}","templated":true}]}}