




{"id":12838,"date":"2024-05-23T18:16:47","date_gmt":"2024-05-23T16:16:47","guid":{"rendered":"https:\/\/therapia.tn\/?post_type=product&#038;p=12838"},"modified":"2026-04-14T21:06:44","modified_gmt":"2026-04-14T19:06:44","slug":"endurmax","status":"publish","type":"product","link":"https:\/\/therapia.tn\/en\/product\/endurmax\/","title":{"rendered":"endur\u2019max"},"content":{"rendered":"","protected":false},"excerpt":{"rendered":"<p>endur\u2019max aide \u00e0 traiter les troubles de la dysfonction \u00e9rectile et la baisse ou l&rsquo;absence de libido chez l&rsquo;homme. Il est efficace contre l&rsquo;\u00e9jaculation pr\u00e9coce, favorise le contr\u00f4le de la jouissance et am\u00e9liore les performances physiques.<\/p>","protected":false},"featured_media":13457,"comment_status":"open","ping_status":"closed","template":"","meta":[],"product_brand":[],"product_cat":[85,107],"product_tag":[90],"class_list":{"0":"post-12838","1":"product","2":"type-product","3":"status-publish","4":"has-post-thumbnail","6":"product_cat-sexuality","7":"product_cat-all","8":"product_tag-60-gelules","10":"first","11":"instock","12":"shipping-taxable","13":"product-type-simple"},"_links":{"self":[{"href":"https:\/\/therapia.tn\/en\/wp-json\/wp\/v2\/product\/12838","targetHints":{"allow":["GET"]}}],"collection":[{"href":"https:\/\/therapia.tn\/en\/wp-json\/wp\/v2\/product"}],"about":[{"href":"https:\/\/therapia.tn\/en\/wp-json\/wp\/v2\/types\/product"}],"replies":[{"embeddable":true,"href":"https:\/\/therapia.tn\/en\/wp-json\/wp\/v2\/comments?post=12838"}],"wp:featuredmedia":[{"embeddable":true,"href":"https:\/\/therapia.tn\/en\/wp-json\/wp\/v2\/media\/13457"}],"wp:attachment":[{"href":"https:\/\/therapia.tn\/en\/wp-json\/wp\/v2\/media?parent=12838"}],"wp:term":[{"taxonomy":"product_brand","embeddable":true,"href":"https:\/\/therapia.tn\/en\/wp-json\/wp\/v2\/product_brand?post=12838"},{"taxonomy":"product_cat","embeddable":true,"href":"https:\/\/therapia.tn\/en\/wp-json\/wp\/v2\/product_cat?post=12838"},{"taxonomy":"product_tag","embeddable":true,"href":"https:\/\/therapia.tn\/en\/wp-json\/wp\/v2\/product_tag?post=12838"}],"curies":[{"name":"wp","href":"https:\/\/api.w.org\/{rel}","templated":true}]}}