




{"id":12820,"date":"2024-05-23T17:08:18","date_gmt":"2024-05-23T15:08:18","guid":{"rendered":"https:\/\/therapia.tn\/?post_type=product&#038;p=12820"},"modified":"2026-04-18T08:00:47","modified_gmt":"2026-04-18T06:00:47","slug":"arnifort","status":"publish","type":"product","link":"https:\/\/therapia.tn\/en\/product\/arnifort\/","title":{"rendered":"arnifort"},"content":{"rendered":"","protected":false},"excerpt":{"rendered":"<p>Gel-Cream<br \/>\narnifort apaise les tendinites, les entorses et les sensations de jambes lourdes. Il aide \u00e0 r\u00e9sorber les ecchymoses et les h\u00e9matomes. Il est b\u00e9n\u00e9fique pour les personnes pratiquant un effort sportif intense et pour celles souffrant de fibromyalgie, de contractures musculaires et de douleurs diverses. De plus, il contribue \u00e0 soulager les sympt\u00f4mes de l&rsquo;arthrite, de l&rsquo;arthrose et des douleurs musculaires. Enfin, il aide \u00e0 r\u00e9duire l&rsquo;apparence des varices et de la cellulite.<\/p>","protected":false},"featured_media":13290,"comment_status":"open","ping_status":"closed","template":"","meta":[],"product_brand":[],"product_cat":[110,107],"product_tag":[106],"class_list":{"0":"post-12820","1":"product","2":"type-product","3":"status-publish","4":"has-post-thumbnail","6":"product_cat-sante-articulaires-et-musculaires","7":"product_cat-all","8":"product_tag-60ml","10":"first","11":"instock","12":"shipping-taxable","13":"product-type-simple"},"_links":{"self":[{"href":"https:\/\/therapia.tn\/en\/wp-json\/wp\/v2\/product\/12820","targetHints":{"allow":["GET"]}}],"collection":[{"href":"https:\/\/therapia.tn\/en\/wp-json\/wp\/v2\/product"}],"about":[{"href":"https:\/\/therapia.tn\/en\/wp-json\/wp\/v2\/types\/product"}],"replies":[{"embeddable":true,"href":"https:\/\/therapia.tn\/en\/wp-json\/wp\/v2\/comments?post=12820"}],"wp:featuredmedia":[{"embeddable":true,"href":"https:\/\/therapia.tn\/en\/wp-json\/wp\/v2\/media\/13290"}],"wp:attachment":[{"href":"https:\/\/therapia.tn\/en\/wp-json\/wp\/v2\/media?parent=12820"}],"wp:term":[{"taxonomy":"product_brand","embeddable":true,"href":"https:\/\/therapia.tn\/en\/wp-json\/wp\/v2\/product_brand?post=12820"},{"taxonomy":"product_cat","embeddable":true,"href":"https:\/\/therapia.tn\/en\/wp-json\/wp\/v2\/product_cat?post=12820"},{"taxonomy":"product_tag","embeddable":true,"href":"https:\/\/therapia.tn\/en\/wp-json\/wp\/v2\/product_tag?post=12820"}],"curies":[{"name":"wp","href":"https:\/\/api.w.org\/{rel}","templated":true}]}}