




{"id":12818,"date":"2024-05-23T16:53:34","date_gmt":"2024-05-23T14:53:34","guid":{"rendered":"https:\/\/therapia.tn\/?post_type=product&#038;p=12818"},"modified":"2026-04-18T08:00:00","modified_gmt":"2026-04-18T06:00:00","slug":"immune","status":"publish","type":"product","link":"https:\/\/therapia.tn\/en\/product\/immune\/","title":{"rendered":"immune"},"content":{"rendered":"","protected":false},"excerpt":{"rendered":"<p>immune agit en tant qu&rsquo;immunomodulateur, stimulant les d\u00e9fenses naturelles de l&rsquo;organisme. Il contribue \u00e0 pr\u00e9venir et \u00e0 r\u00e9duire les sympt\u00f4mes des affections hivernales telles que le rhume, la grippe, la sinusite et la bronchite.<\/p>","protected":false},"featured_media":13312,"comment_status":"open","ping_status":"closed","template":"","meta":[],"product_brand":[],"product_cat":[83,107],"product_tag":[91],"class_list":{"0":"post-12818","1":"product","2":"type-product","3":"status-publish","4":"has-post-thumbnail","6":"product_cat-defenses","7":"product_cat-all","8":"product_tag-30-gelules","10":"first","11":"instock","12":"shipping-taxable","13":"product-type-simple"},"_links":{"self":[{"href":"https:\/\/therapia.tn\/en\/wp-json\/wp\/v2\/product\/12818","targetHints":{"allow":["GET"]}}],"collection":[{"href":"https:\/\/therapia.tn\/en\/wp-json\/wp\/v2\/product"}],"about":[{"href":"https:\/\/therapia.tn\/en\/wp-json\/wp\/v2\/types\/product"}],"replies":[{"embeddable":true,"href":"https:\/\/therapia.tn\/en\/wp-json\/wp\/v2\/comments?post=12818"}],"wp:featuredmedia":[{"embeddable":true,"href":"https:\/\/therapia.tn\/en\/wp-json\/wp\/v2\/media\/13312"}],"wp:attachment":[{"href":"https:\/\/therapia.tn\/en\/wp-json\/wp\/v2\/media?parent=12818"}],"wp:term":[{"taxonomy":"product_brand","embeddable":true,"href":"https:\/\/therapia.tn\/en\/wp-json\/wp\/v2\/product_brand?post=12818"},{"taxonomy":"product_cat","embeddable":true,"href":"https:\/\/therapia.tn\/en\/wp-json\/wp\/v2\/product_cat?post=12818"},{"taxonomy":"product_tag","embeddable":true,"href":"https:\/\/therapia.tn\/en\/wp-json\/wp\/v2\/product_tag?post=12818"}],"curies":[{"name":"wp","href":"https:\/\/api.w.org\/{rel}","templated":true}]}}