




{"id":12186,"date":"2024-05-16T12:14:13","date_gmt":"2024-05-16T10:14:13","guid":{"rendered":"https:\/\/therapia.tn\/?post_type=product&#038;p=12186"},"modified":"2026-04-14T15:20:48","modified_gmt":"2026-04-14T13:20:48","slug":"kerotine","status":"publish","type":"product","link":"https:\/\/therapia.tn\/en\/product\/kerotine\/","title":{"rendered":"Kerotine"},"content":{"rendered":"","protected":false},"excerpt":{"rendered":"<p>Kerotine nourrit les ongles et les cheveux souffrant d\u2019une baisse de vitalit\u00e9, am\u00e9liorant ainsi leur r\u00e9sistance, brillance, et \u00e9paisseur. Il aide \u00e0 pr\u00e9venir la chute des cheveux et contribue \u00e0 retrouver des ongles plus r\u00e9sistants et moins cassants.<\/p>","protected":false},"featured_media":13338,"comment_status":"open","ping_status":"closed","template":"","meta":[],"product_brand":[],"product_cat":[84,107],"product_tag":[91],"class_list":{"0":"post-12186","1":"product","2":"type-product","3":"status-publish","4":"has-post-thumbnail","6":"product_cat-beauty","7":"product_cat-all","8":"product_tag-30-gelules","10":"first","11":"instock","12":"shipping-taxable","13":"product-type-simple"},"_links":{"self":[{"href":"https:\/\/therapia.tn\/en\/wp-json\/wp\/v2\/product\/12186","targetHints":{"allow":["GET"]}}],"collection":[{"href":"https:\/\/therapia.tn\/en\/wp-json\/wp\/v2\/product"}],"about":[{"href":"https:\/\/therapia.tn\/en\/wp-json\/wp\/v2\/types\/product"}],"replies":[{"embeddable":true,"href":"https:\/\/therapia.tn\/en\/wp-json\/wp\/v2\/comments?post=12186"}],"wp:featuredmedia":[{"embeddable":true,"href":"https:\/\/therapia.tn\/en\/wp-json\/wp\/v2\/media\/13338"}],"wp:attachment":[{"href":"https:\/\/therapia.tn\/en\/wp-json\/wp\/v2\/media?parent=12186"}],"wp:term":[{"taxonomy":"product_brand","embeddable":true,"href":"https:\/\/therapia.tn\/en\/wp-json\/wp\/v2\/product_brand?post=12186"},{"taxonomy":"product_cat","embeddable":true,"href":"https:\/\/therapia.tn\/en\/wp-json\/wp\/v2\/product_cat?post=12186"},{"taxonomy":"product_tag","embeddable":true,"href":"https:\/\/therapia.tn\/en\/wp-json\/wp\/v2\/product_tag?post=12186"}],"curies":[{"name":"wp","href":"https:\/\/api.w.org\/{rel}","templated":true}]}}