




{"id":12850,"date":"2024-05-24T11:24:33","date_gmt":"2024-05-24T09:24:33","guid":{"rendered":"https:\/\/therapia.tn\/?post_type=product&#038;p=12850"},"modified":"2026-04-16T21:56:05","modified_gmt":"2026-04-16T19:56:05","slug":"omega-3tg","status":"publish","type":"product","link":"http:\/\/therapia.tn\/en\/product\/omega-3tg\/","title":{"rendered":"Omega 3+TG"},"content":{"rendered":"","protected":false},"excerpt":{"rendered":"<p>Om\u00e9ga3+ <sup>TG\u00a0<\/sup>:<\/p>\n<p>Om\u00e9ga3+ sous forme triglyc\u00e9ride (Om\u00e9ga3+<sup>TG\u00a0<\/sup>) assure une biodisponibilit\u00e9 sup\u00e9rieur par rapport \u00e0 la forme \u00e9thyl-ester, favorisant ainsi une meilleure assimilation des acides gras om\u00e9ga-3 au niveau intestinal.<\/p>\n<p>Sous cette forme om\u00e9ga3+<sup>TG<\/sup>\u00a0:<\/p>\n<ul>\n<li>Assure une bonne sant\u00e9 cardiovasculaire.<\/li>\n<li>Soutient la fonction c\u00e9r\u00e9brale.<\/li>\n<li>Exerce une action anti-inflammatoire.<\/li>\n<li>Am\u00e9liore la flexibilit\u00e9 des articulations.<\/li>\n<li>Aide \u00e0 maintenir une peau saine et hydrat\u00e9e.<\/li>\n<\/ul>","protected":false},"featured_media":14382,"comment_status":"open","ping_status":"closed","template":"","meta":[],"product_brand":[],"product_cat":[108,107],"product_tag":[120],"class_list":{"0":"post-12850","1":"product","2":"type-product","3":"status-publish","4":"has-post-thumbnail","6":"product_cat-memoire","7":"product_cat-all","8":"product_tag-30-capsules","10":"first","11":"instock","12":"shipping-taxable","13":"product-type-simple"},"_links":{"self":[{"href":"http:\/\/therapia.tn\/en\/wp-json\/wp\/v2\/product\/12850","targetHints":{"allow":["GET"]}}],"collection":[{"href":"http:\/\/therapia.tn\/en\/wp-json\/wp\/v2\/product"}],"about":[{"href":"http:\/\/therapia.tn\/en\/wp-json\/wp\/v2\/types\/product"}],"replies":[{"embeddable":true,"href":"http:\/\/therapia.tn\/en\/wp-json\/wp\/v2\/comments?post=12850"}],"wp:featuredmedia":[{"embeddable":true,"href":"http:\/\/therapia.tn\/en\/wp-json\/wp\/v2\/media\/14382"}],"wp:attachment":[{"href":"http:\/\/therapia.tn\/en\/wp-json\/wp\/v2\/media?parent=12850"}],"wp:term":[{"taxonomy":"product_brand","embeddable":true,"href":"http:\/\/therapia.tn\/en\/wp-json\/wp\/v2\/product_brand?post=12850"},{"taxonomy":"product_cat","embeddable":true,"href":"http:\/\/therapia.tn\/en\/wp-json\/wp\/v2\/product_cat?post=12850"},{"taxonomy":"product_tag","embeddable":true,"href":"http:\/\/therapia.tn\/en\/wp-json\/wp\/v2\/product_tag?post=12850"}],"curies":[{"name":"wp","href":"https:\/\/api.w.org\/{rel}","templated":true}]}}